{"id":194,"date":"2020-04-08T07:48:06","date_gmt":"2020-04-08T07:48:06","guid":{"rendered":"https:\/\/bridge352.qodeinteractive.com\/?page_id=194"},"modified":"2022-02-18T17:25:38","modified_gmt":"2022-02-18T16:25:38","slug":"contact","status":"publish","type":"page","link":"https:\/\/helenadahl.eu\/index.php\/contact\/","title":{"rendered":"Contact"},"content":{"rendered":"\t\t<div data-elementor-type=\"wp-page\" data-elementor-id=\"194\" class=\"elementor elementor-194\">\n\t\t\t\t\t\t<div class=\"elementor-inner\">\n\t\t\t\t<div class=\"elementor-section-wrap\">\n\t\t\t\t\t\t\t\t\t<section class=\"elementor-section elementor-top-section elementor-element elementor-element-05ca6e2 elementor-section-boxed elementor-section-height-default elementor-section-height-default parallax_section_no qode_elementor_container_no\" data-id=\"05ca6e2\" data-element_type=\"section\">\n\t\t\t\t\t\t<div class=\"elementor-container elementor-column-gap-default\">\n\t\t\t\t\t\t\t<div class=\"elementor-row\">\n\t\t\t\t\t<div class=\"elementor-column elementor-col-100 elementor-top-column elementor-element elementor-element-70c17dc\" data-id=\"70c17dc\" data-element_type=\"column\">\n\t\t\t<div class=\"elementor-column-wrap elementor-element-populated\">\n\t\t\t\t\t\t\t<div class=\"elementor-widget-wrap\">\n\t\t\t\t\t\t<div class=\"elementor-element elementor-element-16e3d61 elementor-widget elementor-widget-image\" data-id=\"16e3d61\" data-element_type=\"widget\" data-widget_type=\"image.default\">\n\t\t\t\t<div class=\"elementor-widget-container\">\n\t\t\t\t\t\t\t\t<div class=\"elementor-image\">\n\t\t\t\t\t\t\t\t\t\t\t\t<img loading=\"lazy\" decoding=\"async\" width=\"500\" height=\"500\" src=\"https:\/\/helenadahl.eu\/wp-content\/uploads\/2020\/04\/de-lamour-500x500.jpg\" class=\"attachment-portfolio_masonry_regular size-portfolio_masonry_regular wp-image-581\" alt=\"l&#039;amour\" srcset=\"https:\/\/helenadahl.eu\/wp-content\/uploads\/2020\/04\/de-lamour-500x500.jpg 500w, https:\/\/helenadahl.eu\/wp-content\/uploads\/2020\/04\/de-lamour-150x150.jpg 150w, https:\/\/helenadahl.eu\/wp-content\/uploads\/2020\/04\/de-lamour-570x570.jpg 570w, https:\/\/helenadahl.eu\/wp-content\/uploads\/2020\/04\/de-lamour-1000x1000.jpg 1000w\" sizes=\"auto, (max-width: 500px) 100vw, 500px\" \/>\t\t\t\t\t\t\t\t\t\t\t\t\t\t<\/div>\n\t\t\t\t\t\t<\/div>\n\t\t\t\t<\/div>\n\t\t\t\t<div class=\"elementor-element elementor-element-fad6473 elementor-widget elementor-widget-heading\" data-id=\"fad6473\" data-element_type=\"widget\" data-widget_type=\"heading.default\">\n\t\t\t\t<div class=\"elementor-widget-container\">\n\t\t\t<h2 class=\"elementor-heading-title elementor-size-default\">M'\u00e9crire<\/h2>\t\t<\/div>\n\t\t\t\t<\/div>\n\t\t\t\t<div class=\"elementor-element elementor-element-a459465 elementor-widget elementor-widget-text-editor\" data-id=\"a459465\" data-element_type=\"widget\" data-widget_type=\"text-editor.default\">\n\t\t\t\t<div class=\"elementor-widget-container\">\n\t\t\t\t\t\t\t\t<div class=\"elementor-text-editor elementor-clearfix\">\n\t\t\t\t<p>Envoyez-moi un message via ce formulaire de contact.<\/p>\t\t\t\t\t<\/div>\n\t\t\t\t\t\t<\/div>\n\t\t\t\t<\/div>\n\t\t\t\t<div class=\"elementor-element elementor-element-c475468 elementor-widget elementor-widget-bridge_cf_7\" data-id=\"c475468\" data-element_type=\"widget\" data-widget_type=\"bridge_cf_7.default\">\n\t\t\t\t<div class=\"elementor-widget-container\">\n\t\t\t    <div class=\"qode-contact-form-7 qode-contact-form-7-0\">\n    \n<div class=\"wpcf7 no-js\" id=\"wpcf7-f1146-o1\" lang=\"fr-FR\" dir=\"ltr\">\n<div class=\"screen-reader-response\"><p role=\"status\" aria-live=\"polite\" aria-atomic=\"true\"><\/p> <ul><\/ul><\/div>\n<form action=\"\/index.php\/wp-json\/wp\/v2\/pages\/194#wpcf7-f1146-o1\" method=\"post\" class=\"wpcf7-form init cf7_custom_style_2\" aria-label=\"Formulaire de contact\" novalidate=\"novalidate\" data-status=\"init\">\n<div style=\"display: none;\">\n<input type=\"hidden\" name=\"_wpcf7\" value=\"1146\" \/>\n<input type=\"hidden\" name=\"_wpcf7_version\" value=\"5.7.3\" \/>\n<input type=\"hidden\" name=\"_wpcf7_locale\" value=\"fr_FR\" \/>\n<input type=\"hidden\" name=\"_wpcf7_unit_tag\" value=\"wpcf7-f1146-o1\" \/>\n<input type=\"hidden\" name=\"_wpcf7_container_post\" value=\"0\" \/>\n<input type=\"hidden\" name=\"_wpcf7_posted_data_hash\" value=\"\" \/>\n<\/div>\n<p><label> Votre nom (obligatoire)<br \/>\n<span class=\"wpcf7-form-control-wrap\" data-name=\"your-name\"><input size=\"40\" class=\"wpcf7-form-control wpcf7-text wpcf7-validates-as-required\" aria-required=\"true\" aria-invalid=\"false\" value=\"\" type=\"text\" name=\"your-name\" \/><\/span> <\/label>\n<\/p>\n<p><label> Votre adresse de messagerie (obligatoire)<br \/>\n<span class=\"wpcf7-form-control-wrap\" data-name=\"your-email\"><input size=\"40\" class=\"wpcf7-form-control wpcf7-text wpcf7-email wpcf7-validates-as-required wpcf7-validates-as-email\" aria-required=\"true\" aria-invalid=\"false\" value=\"\" type=\"email\" name=\"your-email\" \/><\/span> <\/label>\n<\/p>\n<p><label> Objet<br \/>\n<span class=\"wpcf7-form-control-wrap\" data-name=\"your-subject\"><input size=\"40\" class=\"wpcf7-form-control wpcf7-text\" aria-invalid=\"false\" value=\"\" type=\"text\" name=\"your-subject\" \/><\/span> <\/label>\n<\/p>\n<p><label> Votre message<br \/>\n<span class=\"wpcf7-form-control-wrap\" data-name=\"your-message\"><textarea cols=\"40\" rows=\"10\" class=\"wpcf7-form-control wpcf7-textarea\" aria-invalid=\"false\" name=\"your-message\"><\/textarea><\/span> <\/label>\n<\/p>\n<p><input class=\"wpcf7-form-control has-spinner wpcf7-submit\" type=\"submit\" value=\"Envoyer\" \/>\n<\/p><p style=\"display: none !important;\" class=\"akismet-fields-container\" data-prefix=\"_wpcf7_ak_\"><label>&#916;<textarea name=\"_wpcf7_ak_hp_textarea\" cols=\"45\" rows=\"8\" maxlength=\"100\"><\/textarea><\/label><input type=\"hidden\" id=\"ak_js_1\" name=\"_wpcf7_ak_js\" value=\"55\"\/><script>document.getElementById( \"ak_js_1\" ).setAttribute( \"value\", ( new Date() ).getTime() );<\/script><\/p><div class=\"wpcf7-response-output\" aria-hidden=\"true\"><\/div>\n<\/form>\n<\/div>\n    <\/div>\n\t\t<\/div>\n\t\t\t\t<\/div>\n\t\t\t\t\t\t<\/div>\n\t\t\t\t\t<\/div>\n\t\t<\/div>\n\t\t\t\t\t\t\t\t<\/div>\n\t\t\t\t\t<\/div>\n\t\t<\/section>\n\t\t\t\t<section class=\"elementor-section elementor-top-section elementor-element elementor-element-1214202 elementor-section-boxed elementor-section-height-default elementor-section-height-default parallax_section_no qode_elementor_container_no\" data-id=\"1214202\" data-element_type=\"section\">\n\t\t\t\t\t\t<div class=\"elementor-container elementor-column-gap-default\">\n\t\t\t\t\t\t\t<div class=\"elementor-row\">\n\t\t\t\t\t<div class=\"elementor-column elementor-col-100 elementor-top-column elementor-element elementor-element-86d395f\" data-id=\"86d395f\" data-element_type=\"column\">\n\t\t\t<div class=\"elementor-column-wrap elementor-element-populated\">\n\t\t\t\t\t\t\t<div class=\"elementor-widget-wrap\">\n\t\t\t\t\t\t<div class=\"elementor-element elementor-element-fd51644 elementor-widget elementor-widget-spacer\" data-id=\"fd51644\" data-element_type=\"widget\" data-widget_type=\"spacer.default\">\n\t\t\t\t<div class=\"elementor-widget-container\">\n\t\t\t\t\t<div class=\"elementor-spacer\">\n\t\t\t<div class=\"elementor-spacer-inner\"><\/div>\n\t\t<\/div>\n\t\t\t\t<\/div>\n\t\t\t\t<\/div>\n\t\t\t\t<div class=\"elementor-element elementor-element-0d65033 elementor-widget elementor-widget-heading\" data-id=\"0d65033\" data-element_type=\"widget\" data-widget_type=\"heading.default\">\n\t\t\t\t<div class=\"elementor-widget-container\">\n\t\t\t<h2 class=\"elementor-heading-title elementor-size-default\">Retrouvez-moi sur les r\u00e9seaux sociaux<\/h2>\t\t<\/div>\n\t\t\t\t<\/div>\n\t\t\t\t\t\t<\/div>\n\t\t\t\t\t<\/div>\n\t\t<\/div>\n\t\t\t\t\t\t\t\t<\/div>\n\t\t\t\t\t<\/div>\n\t\t<\/section>\n\t\t\t\t<section class=\"elementor-section elementor-top-section elementor-element elementor-element-355e670 elementor-section-boxed elementor-section-height-default elementor-section-height-default parallax_section_no qode_elementor_container_no\" data-id=\"355e670\" data-element_type=\"section\">\n\t\t\t\t\t\t<div class=\"elementor-container elementor-column-gap-default\">\n\t\t\t\t\t\t\t<div class=\"elementor-row\">\n\t\t\t\t\t<div class=\"elementor-column elementor-col-100 elementor-top-column elementor-element elementor-element-da1e22d\" data-id=\"da1e22d\" data-element_type=\"column\">\n\t\t\t<div class=\"elementor-column-wrap elementor-element-populated\">\n\t\t\t\t\t\t\t<div class=\"elementor-widget-wrap\">\n\t\t\t\t\t\t<div class=\"elementor-element elementor-element-810bc0d elementor-shape-rounded elementor-grid-0 e-grid-align-center elementor-widget elementor-widget-social-icons\" data-id=\"810bc0d\" data-element_type=\"widget\" data-widget_type=\"social-icons.default\">\n\t\t\t\t<div class=\"elementor-widget-container\">\n\t\t\t\t\t<div class=\"elementor-social-icons-wrapper elementor-grid\">\n\t\t\t\t\t\t\t<span class=\"elementor-grid-item\">\n\t\t\t\t\t<a class=\"elementor-icon elementor-social-icon elementor-social-icon-facebook elementor-repeater-item-dda5050\" href=\"https:\/\/www.facebook.com\/desmotspourguerir\/\" target=\"_blank\">\n\t\t\t\t\t\t<span class=\"elementor-screen-only\">Facebook<\/span>\n\t\t\t\t\t\t<i class=\"fab fa-facebook\"><\/i>\t\t\t\t\t<\/a>\n\t\t\t\t<\/span>\n\t\t\t\t\t\t\t<span class=\"elementor-grid-item\">\n\t\t\t\t\t<a class=\"elementor-icon elementor-social-icon elementor-social-icon-instagram elementor-repeater-item-80fce16\" href=\"https:\/\/www.instagram.com\/desmotspourguerir?hl=fr\" target=\"_blank\">\n\t\t\t\t\t\t<span class=\"elementor-screen-only\">Instagram<\/span>\n\t\t\t\t\t\t<i class=\"fab fa-instagram\"><\/i>\t\t\t\t\t<\/a>\n\t\t\t\t<\/span>\n\t\t\t\t\t<\/div>\n\t\t\t\t<\/div>\n\t\t\t\t<\/div>\n\t\t\t\t<div class=\"elementor-element elementor-element-7328c7c elementor-widget elementor-widget-spacer\" data-id=\"7328c7c\" data-element_type=\"widget\" data-widget_type=\"spacer.default\">\n\t\t\t\t<div class=\"elementor-widget-container\">\n\t\t\t\t\t<div class=\"elementor-spacer\">\n\t\t\t<div class=\"elementor-spacer-inner\"><\/div>\n\t\t<\/div>\n\t\t\t\t<\/div>\n\t\t\t\t<\/div>\n\t\t\t\t\t\t<\/div>\n\t\t\t\t\t<\/div>\n\t\t<\/div>\n\t\t\t\t\t\t\t\t<\/div>\n\t\t\t\t\t<\/div>\n\t\t<\/section>\n\t\t\t\t<section class=\"elementor-section elementor-top-section elementor-element elementor-element-ad240c4 elementor-section-boxed elementor-section-height-default elementor-section-height-default parallax_section_no qode_elementor_container_no\" data-id=\"ad240c4\" data-element_type=\"section\">\n\t\t\t\t\t\t<div class=\"elementor-container elementor-column-gap-default\">\n\t\t\t\t\t\t\t<div class=\"elementor-row\">\n\t\t\t\t\t<div class=\"elementor-column elementor-col-100 elementor-top-column elementor-element elementor-element-9c0f855\" data-id=\"9c0f855\" data-element_type=\"column\" data-settings=\"{&quot;background_background&quot;:&quot;classic&quot;}\">\n\t\t\t<div class=\"elementor-column-wrap elementor-element-populated\">\n\t\t\t\t\t\t\t<div class=\"elementor-widget-wrap\">\n\t\t\t\t\t\t<div class=\"elementor-element elementor-element-ea8589b elementor-widget elementor-widget-text-editor\" data-id=\"ea8589b\" data-element_type=\"widget\" data-widget_type=\"text-editor.default\">\n\t\t\t\t<div class=\"elementor-widget-container\">\n\t\t\t\t\t\t\t\t<div class=\"elementor-text-editor elementor-clearfix\">\n\t\t\t\t<p><img loading=\"lazy\" decoding=\"async\" class=\"alignleft wp-image-1344\" src=\"http:\/\/helenadahl.eu\/wp-content\/uploads\/2020\/10\/Design-Auteur-Bleu-300x300.jpg\" alt=\"\" width=\"174\" height=\"174\" srcset=\"https:\/\/helenadahl.eu\/wp-content\/uploads\/2020\/10\/Design-Auteur-Bleu-300x300.jpg 300w, https:\/\/helenadahl.eu\/wp-content\/uploads\/2020\/10\/Design-Auteur-Bleu-150x150.jpg 150w, https:\/\/helenadahl.eu\/wp-content\/uploads\/2020\/10\/Design-Auteur-Bleu.jpg 500w\" sizes=\"auto, (max-width: 174px) 100vw, 174px\" \/><\/p>\n<h3><strong>H\u00e9l\u00e9na DAHL<\/strong><\/h3>\n<p>Fran\u00e7aise r\u00e9sidant \u00e0 Bruxelles, \u00e2g\u00e9e de trente-trois ans, j\u2019ai commenc\u00e9 ma carri\u00e8re en tant qu\u2019assistante parlementaire au Parlement europ\u00e9en. Anim\u00e9e par ma passion des mots, j&rsquo;ai choisi de me lancer avec joie dans une aventure litt\u00e9raire. En effet, \u00e9crire a toujours fait partie de moi, et ce d\u00e8s le plus jeune \u00e2ge. Mon premier roman, <em>La nuit s\u2019\u00e9veille et tout s\u2019\u00e9claire<\/em>, est une \u0153uvre de fiction bas\u00e9e sur mon r\u00e9cit de vie. Mon deuxi\u00e8me roman, <em>Un homme vrai<\/em>, raconte l&rsquo;histoire d&rsquo;un homme face \u00e0 la d\u00e9pression.<\/p>\t\t\t\t\t<\/div>\n\t\t\t\t\t\t<\/div>\n\t\t\t\t<\/div>\n\t\t\t\t<div class=\"elementor-element elementor-element-d3966f4 elementor-widget elementor-widget-bridge_button\" data-id=\"d3966f4\" data-element_type=\"widget\" data-widget_type=\"bridge_button.default\">\n\t\t\t\t<div class=\"elementor-widget-container\">\n\t\t\t<a  itemprop=\"url\" href=\"https:\/\/www.le-lion-zaile.com\/en\/accueil\/55-la-nuit-s-eveille-et-tout-s-eclaire-9782960250947.html\" target=\"_self\"  class=\"qbutton  default  qode-button-shadow\" style=\"\">La nuit s'\u00e9veille et tout s'\u00e9claire<i class=\"qode_icon_font_awesome_5 fa5 fa fa-book-open qode_button_icon_element\" style=\"\" ><\/i><\/a>\t\t<\/div>\n\t\t\t\t<\/div>\n\t\t\t\t\t\t<\/div>\n\t\t\t\t\t<\/div>\n\t\t<\/div>\n\t\t\t\t\t\t\t\t<\/div>\n\t\t\t\t\t<\/div>\n\t\t<\/section>\n\t\t\t\t\t\t\t\t\t<\/div>\n\t\t\t<\/div>\n\t\t\t\t\t<\/div>\n\t\t","protected":false},"excerpt":{"rendered":"<p>M&rsquo;\u00e9crire Envoyez-moi un message via ce formulaire de contact. Votre nom (obligatoire) Votre adresse de messagerie (obligatoire) Objet Votre message &#916; Retrouvez-moi sur les r\u00e9seaux sociaux Facebook Instagram H\u00e9l\u00e9na DAHL Fran\u00e7aise r\u00e9sidant \u00e0 Bruxelles, \u00e2g\u00e9e&#8230;<\/p>\n","protected":false},"author":1,"featured_media":0,"parent":0,"menu_order":0,"comment_status":"closed","ping_status":"closed","template":"full_width.php","meta":{"footnotes":""},"class_list":["post-194","page","type-page","status-publish","hentry"],"yoast_head":"<!-- This site is optimized with the Yoast SEO plugin v20.0 - https:\/\/yoast.com\/wordpress\/plugins\/seo\/ -->\n<title>Contact - H\u00e9l\u00e9na DAHL<\/title>\n<meta name=\"robots\" content=\"index, follow, max-snippet:-1, max-image-preview:large, max-video-preview:-1\" \/>\n<link rel=\"canonical\" href=\"https:\/\/helenadahl.eu\/index.php\/contact\/\" \/>\n<meta property=\"og:locale\" content=\"fr_FR\" \/>\n<meta property=\"og:type\" content=\"article\" \/>\n<meta property=\"og:title\" content=\"Contact - H\u00e9l\u00e9na DAHL\" \/>\n<meta property=\"og:description\" content=\"M&rsquo;\u00e9crire Envoyez-moi un message via ce formulaire de contact. Votre nom (obligatoire) Votre adresse de messagerie (obligatoire) Objet Votre message &#916; Retrouvez-moi sur les r\u00e9seaux sociaux Facebook Instagram H\u00e9l\u00e9na DAHL Fran\u00e7aise r\u00e9sidant \u00e0 Bruxelles, \u00e2g\u00e9e...\" \/>\n<meta property=\"og:url\" content=\"https:\/\/helenadahl.eu\/index.php\/contact\/\" \/>\n<meta property=\"og:site_name\" content=\"H\u00e9l\u00e9na DAHL\" \/>\n<meta property=\"article:modified_time\" content=\"2022-02-18T16:25:38+00:00\" \/>\n<meta property=\"og:image\" content=\"https:\/\/helenadahl.eu\/wp-content\/uploads\/2020\/04\/de-lamour-500x500.jpg\" \/>\n<meta name=\"twitter:card\" content=\"summary_large_image\" \/>\n<meta name=\"twitter:label1\" content=\"Dur\u00e9e de lecture estim\u00e9e\" \/>\n\t<meta name=\"twitter:data1\" content=\"2 minutes\" \/>\n<script type=\"application\/ld+json\" class=\"yoast-schema-graph\">{\"@context\":\"https:\/\/schema.org\",\"@graph\":[{\"@type\":\"WebPage\",\"@id\":\"https:\/\/helenadahl.eu\/index.php\/contact\/\",\"url\":\"https:\/\/helenadahl.eu\/index.php\/contact\/\",\"name\":\"Contact - H\u00e9l\u00e9na DAHL\",\"isPartOf\":{\"@id\":\"https:\/\/helenadahl.eu\/#website\"},\"datePublished\":\"2020-04-08T07:48:06+00:00\",\"dateModified\":\"2022-02-18T16:25:38+00:00\",\"breadcrumb\":{\"@id\":\"https:\/\/helenadahl.eu\/index.php\/contact\/#breadcrumb\"},\"inLanguage\":\"fr-FR\",\"potentialAction\":[{\"@type\":\"ReadAction\",\"target\":[\"https:\/\/helenadahl.eu\/index.php\/contact\/\"]}]},{\"@type\":\"BreadcrumbList\",\"@id\":\"https:\/\/helenadahl.eu\/index.php\/contact\/#breadcrumb\",\"itemListElement\":[{\"@type\":\"ListItem\",\"position\":1,\"name\":\"Accueil\",\"item\":\"https:\/\/helenadahl.eu\/\"},{\"@type\":\"ListItem\",\"position\":2,\"name\":\"Contact\"}]},{\"@type\":\"WebSite\",\"@id\":\"https:\/\/helenadahl.eu\/#website\",\"url\":\"https:\/\/helenadahl.eu\/\",\"name\":\"H\u00e9l\u00e9na DAHL\",\"description\":\"Des mots d&#039;\u00e9motions, des images du coeur\",\"potentialAction\":[{\"@type\":\"SearchAction\",\"target\":{\"@type\":\"EntryPoint\",\"urlTemplate\":\"https:\/\/helenadahl.eu\/?s={search_term_string}\"},\"query-input\":\"required name=search_term_string\"}],\"inLanguage\":\"fr-FR\"}]}<\/script>\n<!-- \/ Yoast SEO plugin. -->","yoast_head_json":{"title":"Contact - H\u00e9l\u00e9na DAHL","robots":{"index":"index","follow":"follow","max-snippet":"max-snippet:-1","max-image-preview":"max-image-preview:large","max-video-preview":"max-video-preview:-1"},"canonical":"https:\/\/helenadahl.eu\/index.php\/contact\/","og_locale":"fr_FR","og_type":"article","og_title":"Contact - H\u00e9l\u00e9na DAHL","og_description":"M&rsquo;\u00e9crire Envoyez-moi un message via ce formulaire de contact. Votre nom (obligatoire) Votre adresse de messagerie (obligatoire) Objet Votre message &#916; Retrouvez-moi sur les r\u00e9seaux sociaux Facebook Instagram H\u00e9l\u00e9na DAHL Fran\u00e7aise r\u00e9sidant \u00e0 Bruxelles, \u00e2g\u00e9e...","og_url":"https:\/\/helenadahl.eu\/index.php\/contact\/","og_site_name":"H\u00e9l\u00e9na DAHL","article_modified_time":"2022-02-18T16:25:38+00:00","og_image":[{"url":"https:\/\/helenadahl.eu\/wp-content\/uploads\/2020\/04\/de-lamour-500x500.jpg"}],"twitter_card":"summary_large_image","twitter_misc":{"Dur\u00e9e de lecture estim\u00e9e":"2 minutes"},"schema":{"@context":"https:\/\/schema.org","@graph":[{"@type":"WebPage","@id":"https:\/\/helenadahl.eu\/index.php\/contact\/","url":"https:\/\/helenadahl.eu\/index.php\/contact\/","name":"Contact - H\u00e9l\u00e9na DAHL","isPartOf":{"@id":"https:\/\/helenadahl.eu\/#website"},"datePublished":"2020-04-08T07:48:06+00:00","dateModified":"2022-02-18T16:25:38+00:00","breadcrumb":{"@id":"https:\/\/helenadahl.eu\/index.php\/contact\/#breadcrumb"},"inLanguage":"fr-FR","potentialAction":[{"@type":"ReadAction","target":["https:\/\/helenadahl.eu\/index.php\/contact\/"]}]},{"@type":"BreadcrumbList","@id":"https:\/\/helenadahl.eu\/index.php\/contact\/#breadcrumb","itemListElement":[{"@type":"ListItem","position":1,"name":"Accueil","item":"https:\/\/helenadahl.eu\/"},{"@type":"ListItem","position":2,"name":"Contact"}]},{"@type":"WebSite","@id":"https:\/\/helenadahl.eu\/#website","url":"https:\/\/helenadahl.eu\/","name":"H\u00e9l\u00e9na DAHL","description":"Des mots d&#039;\u00e9motions, des images du coeur","potentialAction":[{"@type":"SearchAction","target":{"@type":"EntryPoint","urlTemplate":"https:\/\/helenadahl.eu\/?s={search_term_string}"},"query-input":"required name=search_term_string"}],"inLanguage":"fr-FR"}]}},"jetpack_sharing_enabled":true,"_links":{"self":[{"href":"https:\/\/helenadahl.eu\/index.php\/wp-json\/wp\/v2\/pages\/194","targetHints":{"allow":["GET"]}}],"collection":[{"href":"https:\/\/helenadahl.eu\/index.php\/wp-json\/wp\/v2\/pages"}],"about":[{"href":"https:\/\/helenadahl.eu\/index.php\/wp-json\/wp\/v2\/types\/page"}],"author":[{"embeddable":true,"href":"https:\/\/helenadahl.eu\/index.php\/wp-json\/wp\/v2\/users\/1"}],"replies":[{"embeddable":true,"href":"https:\/\/helenadahl.eu\/index.php\/wp-json\/wp\/v2\/comments?post=194"}],"version-history":[{"count":15,"href":"https:\/\/helenadahl.eu\/index.php\/wp-json\/wp\/v2\/pages\/194\/revisions"}],"predecessor-version":[{"id":2653,"href":"https:\/\/helenadahl.eu\/index.php\/wp-json\/wp\/v2\/pages\/194\/revisions\/2653"}],"wp:attachment":[{"href":"https:\/\/helenadahl.eu\/index.php\/wp-json\/wp\/v2\/media?parent=194"}],"curies":[{"name":"wp","href":"https:\/\/api.w.org\/{rel}","templated":true}]}}